{"id":1903,"date":"2026-02-11T16:04:59","date_gmt":"2026-02-11T16:04:59","guid":{"rendered":"https:\/\/clearviewbienesraices.com\/?page_id=1903"},"modified":"2026-02-11T16:47:32","modified_gmt":"2026-02-11T16:47:32","slug":"contacto","status":"publish","type":"page","link":"https:\/\/clearviewbienesraices.com\/index.php\/contacto\/","title":{"rendered":"Contactanos"},"content":{"rendered":"<p>[et_pb_section fb_built=&#8221;1&#8243; _builder_version=&#8221;4.22.2&#8243; _module_preset=&#8221;default&#8221; background_color=&#8221;#f4f4f4&#8243; custom_padding=&#8221;137px||176px|||&#8221; global_colors_info=&#8221;{}&#8221;][et_pb_row column_structure=&#8221;2_5,3_5&#8243; _builder_version=&#8221;4.22.2&#8243; _module_preset=&#8221;default&#8221; max_width=&#8221;1280px&#8221; custom_padding=&#8221;2%|5%|2%|5%|true|true&#8221; border_color_all=&#8221;RGBA(255,255,255,0)&#8221; border_width_right=&#8221;1px&#8221; border_width_left=&#8221;1px&#8221; locked=&#8221;off&#8221; global_colors_info=&#8221;{}&#8221;][et_pb_column type=&#8221;2_5&#8243; _builder_version=&#8221;4.20.0&#8243; _module_preset=&#8221;default&#8221; global_colors_info=&#8221;{}&#8221;][et_pb_text _builder_version=&#8221;4.22.2&#8243; _module_preset=&#8221;75fecec1-0afb-4aa7-88d8-eb3a1929b61b&#8221; header_font=&#8221;Prata||||||||&#8221; header_font_size=&#8221;26px&#8221; header_2_font=&#8221;Prata|700|||||||&#8221; header_2_text_align=&#8221;left&#8221; header_2_font_size=&#8221;45px&#8221; text_orientation=&#8221;center&#8221; custom_margin=&#8221;||10px||false|false&#8221; global_colors_info=&#8221;{}&#8221;]<\/p>\n<h2>Cont\u00e1ctanos<\/h2>\n<p>[\/et_pb_text][et_pb_text _builder_version=&#8221;4.22.2&#8243; _module_preset=&#8221;default&#8221; header_2_font=&#8221;Inter||||||||&#8221; header_3_font=&#8221;Inter||||||||&#8221; header_3_text_color=&#8221;#9b9b9b&#8221; header_3_font_size=&#8221;18px&#8221; header_3_line_height=&#8221;1.6em&#8221; global_colors_info=&#8221;{}&#8221;]<\/p>\n<h3><span>Servicios de reubicaci\u00f3n internacional en M\u00e9xico y Bienes Ra\u00edces | Le\u00f3n, Guanajuato -M\u00e9xico <\/span><\/h3>\n<h3><span>Nuestros agentes se comunicar\u00e1n contigo lo antes posible<\/span><\/h3>\n<p>[\/et_pb_text][et_pb_divider color=&#8221;#d8d8d8&#8243; _builder_version=&#8221;4.22.2&#8243; _module_preset=&#8221;default&#8221; custom_margin=&#8221;-16px||1px||false|false&#8221; global_colors_info=&#8221;{}&#8221;][\/et_pb_divider][et_pb_blurb url_new_window=&#8221;on&#8221; use_icon=&#8221;on&#8221; font_icon=&#8221;&#xe010;||divi||400&#8243; icon_color=&#8221;#000000&#8243; icon_placement=&#8221;left&#8221; image_icon_width=&#8221;166%&#8221; _builder_version=&#8221;4.22.2&#8243; _module_preset=&#8221;default&#8221; header_font=&#8221;Roboto|700||on|||||&#8221; header_font_size=&#8221;15px&#8221; body_font_size=&#8221;17px&#8221; body_link_text_color=&#8221;#000000&#8243; border_color_right=&#8221;#FFFFFF&#8221; global_colors_info=&#8221;{}&#8221;]<\/p>\n<p><a href=\"mailto:clearviewbienesraices@gmail.com\" target=\"_blank\" rel=\"noopener\">clearviewbienesraices@gmail.<wbr \/>com<\/a><\/p>\n<p>[\/et_pb_blurb][et_pb_blurb url_new_window=&#8221;on&#8221; use_icon=&#8221;on&#8221; font_icon=&#8221;&#xe00b;||divi||400&#8243; icon_color=&#8221;#000000&#8243; icon_placement=&#8221;left&#8221; image_icon_width=&#8221;166%&#8221; _builder_version=&#8221;4.22.2&#8243; _module_preset=&#8221;default&#8221; header_font=&#8221;Roboto|700||on|||||&#8221; header_font_size=&#8221;15px&#8221; body_text_color=&#8221;#000000&#8243; body_font_size=&#8221;15px&#8221; body_link_text_color=&#8221;#000000&#8243; custom_margin=&#8221;-4px||||false|false&#8221; border_color_right=&#8221;#FFFFFF&#8221; global_colors_info=&#8221;{}&#8221;]<\/p>\n<p><span>477 754 3929<\/span><\/p>\n<p>[\/et_pb_blurb][\/et_pb_column][et_pb_column type=&#8221;3_5&#8243; _builder_version=&#8221;4.20.0&#8243; _module_preset=&#8221;default&#8221; global_colors_info=&#8221;{}&#8221;][et_pb_contact_form email=&#8221;clearviewbienesraices@gmail.com&#8221; success_message=&#8221;Tu mensaje fue enviado correctamente&#8221; submit_button_text=&#8221;ENVIA&#8221; _builder_version=&#8221;4.22.2&#8243; _module_preset=&#8221;default&#8221; _unique_id=&#8221;8203a2d1-226d-414e-8d32-d1eabcb66ec7&#8243; form_field_background_color=&#8221;#FFFFFF&#8221; form_field_custom_padding=&#8221;3%||3%||true|false&#8221; form_field_font_size=&#8221;15px&#8221; custom_button=&#8221;on&#8221; button_text_size=&#8221;16px&#8221; button_text_color=&#8221;#000000&#8243; border_radii=&#8221;on|6px|6px|6px|6px&#8221; border_width_all=&#8221;1px&#8221; border_color_all=&#8221;#d1d1d1&#8243; global_colors_info=&#8221;{}&#8221;][et_pb_contact_field field_id=&#8221;Name&#8221; field_title=&#8221;Nombre&#8221; fullwidth_field=&#8221;on&#8221; _builder_version=&#8221;4.22.2&#8243; global_colors_info=&#8221;{}&#8221; button_text_size__hover_enabled=&#8221;off&#8221; button_one_text_size__hover_enabled=&#8221;off&#8221; button_two_text_size__hover_enabled=&#8221;off&#8221; button_text_color__hover_enabled=&#8221;off&#8221; button_one_text_color__hover_enabled=&#8221;off&#8221; button_two_text_color__hover_enabled=&#8221;off&#8221; button_border_width__hover_enabled=&#8221;off&#8221; button_one_border_width__hover_enabled=&#8221;off&#8221; button_two_border_width__hover_enabled=&#8221;off&#8221; button_border_color__hover_enabled=&#8221;off&#8221; button_one_border_color__hover_enabled=&#8221;off&#8221; button_two_border_color__hover_enabled=&#8221;off&#8221; button_border_radius__hover_enabled=&#8221;off&#8221; button_one_border_radius__hover_enabled=&#8221;off&#8221; button_two_border_radius__hover_enabled=&#8221;off&#8221; button_letter_spacing__hover_enabled=&#8221;off&#8221; button_one_letter_spacing__hover_enabled=&#8221;off&#8221; button_two_letter_spacing__hover_enabled=&#8221;off&#8221; button_bg_color__hover_enabled=&#8221;off&#8221; button_one_bg_color__hover_enabled=&#8221;off&#8221; button_two_bg_color__hover_enabled=&#8221;off&#8221;][\/et_pb_contact_field][et_pb_contact_field field_id=&#8221;Email&#8221; field_title=&#8221;Email &#8221; field_type=&#8221;email&#8221; fullwidth_field=&#8221;on&#8221; _builder_version=&#8221;4.22.2&#8243; global_colors_info=&#8221;{}&#8221; button_text_size__hover_enabled=&#8221;off&#8221; button_one_text_size__hover_enabled=&#8221;off&#8221; button_two_text_size__hover_enabled=&#8221;off&#8221; button_text_color__hover_enabled=&#8221;off&#8221; button_one_text_color__hover_enabled=&#8221;off&#8221; button_two_text_color__hover_enabled=&#8221;off&#8221; button_border_width__hover_enabled=&#8221;off&#8221; button_one_border_width__hover_enabled=&#8221;off&#8221; button_two_border_width__hover_enabled=&#8221;off&#8221; button_border_color__hover_enabled=&#8221;off&#8221; button_one_border_color__hover_enabled=&#8221;off&#8221; button_two_border_color__hover_enabled=&#8221;off&#8221; button_border_radius__hover_enabled=&#8221;off&#8221; button_one_border_radius__hover_enabled=&#8221;off&#8221; button_two_border_radius__hover_enabled=&#8221;off&#8221; button_letter_spacing__hover_enabled=&#8221;off&#8221; button_one_letter_spacing__hover_enabled=&#8221;off&#8221; button_two_letter_spacing__hover_enabled=&#8221;off&#8221; button_bg_color__hover_enabled=&#8221;off&#8221; button_one_bg_color__hover_enabled=&#8221;off&#8221; button_two_bg_color__hover_enabled=&#8221;off&#8221;][\/et_pb_contact_field][et_pb_contact_field field_id=&#8221;Message&#8221; field_title=&#8221;Mensaje&#8221; field_type=&#8221;text&#8221; fullwidth_field=&#8221;on&#8221; _builder_version=&#8221;4.22.2&#8243; global_colors_info=&#8221;{}&#8221; button_text_size__hover_enabled=&#8221;off&#8221; button_one_text_size__hover_enabled=&#8221;off&#8221; button_two_text_size__hover_enabled=&#8221;off&#8221; button_text_color__hover_enabled=&#8221;off&#8221; button_one_text_color__hover_enabled=&#8221;off&#8221; button_two_text_color__hover_enabled=&#8221;off&#8221; button_border_width__hover_enabled=&#8221;off&#8221; button_one_border_width__hover_enabled=&#8221;off&#8221; button_two_border_width__hover_enabled=&#8221;off&#8221; button_border_color__hover_enabled=&#8221;off&#8221; button_one_border_color__hover_enabled=&#8221;off&#8221; button_two_border_color__hover_enabled=&#8221;off&#8221; button_border_radius__hover_enabled=&#8221;off&#8221; button_one_border_radius__hover_enabled=&#8221;off&#8221; button_two_border_radius__hover_enabled=&#8221;off&#8221; button_letter_spacing__hover_enabled=&#8221;off&#8221; button_one_letter_spacing__hover_enabled=&#8221;off&#8221; button_two_letter_spacing__hover_enabled=&#8221;off&#8221; button_bg_color__hover_enabled=&#8221;off&#8221; button_one_bg_color__hover_enabled=&#8221;off&#8221; button_two_bg_color__hover_enabled=&#8221;off&#8221;][\/et_pb_contact_field][\/et_pb_contact_form][\/et_pb_column][\/et_pb_row][\/et_pb_section]<\/p>\n","protected":false},"excerpt":{"rendered":"<p>Cont\u00e1ctanosServicios de reubicaci\u00f3n internacional en M\u00e9xico y Bienes Ra\u00edces | Le\u00f3n, Guanajuato -M\u00e9xico Nuestros agentes se comunicar\u00e1n contigo lo antes posibleclearviewbienesraices@gmail.com477 754 3929<\/p>\n","protected":false},"author":1,"featured_media":0,"parent":0,"menu_order":0,"comment_status":"closed","ping_status":"closed","template":"","meta":{"_et_pb_use_builder":"on","_et_pb_old_content":"","_et_gb_content_width":"","footnotes":""},"yoast_head":"<!-- This site is optimized with the Yoast SEO plugin v21.4 - https:\/\/yoast.com\/wordpress\/plugins\/seo\/ -->\n<title>Contactanos - Dev<\/title>\n<meta name=\"robots\" content=\"index, follow, max-snippet:-1, max-image-preview:large, max-video-preview:-1\" \/>\n<link rel=\"canonical\" href=\"https:\/\/clearviewbienesraices.com\/index.php\/contacto\/\" \/>\n<meta property=\"og:locale\" content=\"en_US\" \/>\n<meta property=\"og:type\" content=\"article\" \/>\n<meta property=\"og:title\" content=\"Contactanos - Dev\" \/>\n<meta property=\"og:description\" content=\"Cont\u00e1ctanosServicios de reubicaci\u00f3n internacional en M\u00e9xico y Bienes Ra\u00edces | Le\u00f3n, Guanajuato -M\u00e9xico Nuestros agentes se comunicar\u00e1n contigo lo antes posibleclearviewbienesraices@gmail.com477 754 3929\" \/>\n<meta property=\"og:url\" content=\"https:\/\/clearviewbienesraices.com\/index.php\/contacto\/\" \/>\n<meta property=\"og:site_name\" content=\"Dev\" \/>\n<meta property=\"article:modified_time\" content=\"2026-02-11T16:47:32+00:00\" \/>\n<meta name=\"twitter:card\" content=\"summary_large_image\" \/>\n<meta name=\"twitter:label1\" content=\"Est. reading time\" \/>\n\t<meta name=\"twitter:data1\" content=\"1 minute\" \/>\n<script type=\"application\/ld+json\" class=\"yoast-schema-graph\">{\"@context\":\"https:\/\/schema.org\",\"@graph\":[{\"@type\":\"WebPage\",\"@id\":\"https:\/\/clearviewbienesraices.com\/index.php\/contacto\/\",\"url\":\"https:\/\/clearviewbienesraices.com\/index.php\/contacto\/\",\"name\":\"Contactanos - Dev\",\"isPartOf\":{\"@id\":\"https:\/\/clearviewbienesraices.com\/#website\"},\"datePublished\":\"2026-02-11T16:04:59+00:00\",\"dateModified\":\"2026-02-11T16:47:32+00:00\",\"breadcrumb\":{\"@id\":\"https:\/\/clearviewbienesraices.com\/index.php\/contacto\/#breadcrumb\"},\"inLanguage\":\"en-US\",\"potentialAction\":[{\"@type\":\"ReadAction\",\"target\":[\"https:\/\/clearviewbienesraices.com\/index.php\/contacto\/\"]}]},{\"@type\":\"BreadcrumbList\",\"@id\":\"https:\/\/clearviewbienesraices.com\/index.php\/contacto\/#breadcrumb\",\"itemListElement\":[{\"@type\":\"ListItem\",\"position\":1,\"name\":\"Home\",\"item\":\"https:\/\/clearviewbienesraices.com\/\"},{\"@type\":\"ListItem\",\"position\":2,\"name\":\"Contactanos\"}]},{\"@type\":\"WebSite\",\"@id\":\"https:\/\/clearviewbienesraices.com\/#website\",\"url\":\"https:\/\/clearviewbienesraices.com\/\",\"name\":\"Dev\",\"description\":\"La qualit\u00e0 \u00e8 una scelta\",\"potentialAction\":[{\"@type\":\"SearchAction\",\"target\":{\"@type\":\"EntryPoint\",\"urlTemplate\":\"https:\/\/clearviewbienesraices.com\/?s={search_term_string}\"},\"query-input\":\"required name=search_term_string\"}],\"inLanguage\":\"en-US\"}]}<\/script>\n<!-- \/ Yoast SEO plugin. -->","yoast_head_json":{"title":"Contactanos - Dev","robots":{"index":"index","follow":"follow","max-snippet":"max-snippet:-1","max-image-preview":"max-image-preview:large","max-video-preview":"max-video-preview:-1"},"canonical":"https:\/\/clearviewbienesraices.com\/index.php\/contacto\/","og_locale":"en_US","og_type":"article","og_title":"Contactanos - Dev","og_description":"Cont\u00e1ctanosServicios de reubicaci\u00f3n internacional en M\u00e9xico y Bienes Ra\u00edces | Le\u00f3n, Guanajuato -M\u00e9xico Nuestros agentes se comunicar\u00e1n contigo lo antes posibleclearviewbienesraices@gmail.com477 754 3929","og_url":"https:\/\/clearviewbienesraices.com\/index.php\/contacto\/","og_site_name":"Dev","article_modified_time":"2026-02-11T16:47:32+00:00","twitter_card":"summary_large_image","twitter_misc":{"Est. reading time":"1 minute"},"schema":{"@context":"https:\/\/schema.org","@graph":[{"@type":"WebPage","@id":"https:\/\/clearviewbienesraices.com\/index.php\/contacto\/","url":"https:\/\/clearviewbienesraices.com\/index.php\/contacto\/","name":"Contactanos - Dev","isPartOf":{"@id":"https:\/\/clearviewbienesraices.com\/#website"},"datePublished":"2026-02-11T16:04:59+00:00","dateModified":"2026-02-11T16:47:32+00:00","breadcrumb":{"@id":"https:\/\/clearviewbienesraices.com\/index.php\/contacto\/#breadcrumb"},"inLanguage":"en-US","potentialAction":[{"@type":"ReadAction","target":["https:\/\/clearviewbienesraices.com\/index.php\/contacto\/"]}]},{"@type":"BreadcrumbList","@id":"https:\/\/clearviewbienesraices.com\/index.php\/contacto\/#breadcrumb","itemListElement":[{"@type":"ListItem","position":1,"name":"Home","item":"https:\/\/clearviewbienesraices.com\/"},{"@type":"ListItem","position":2,"name":"Contactanos"}]},{"@type":"WebSite","@id":"https:\/\/clearviewbienesraices.com\/#website","url":"https:\/\/clearviewbienesraices.com\/","name":"Dev","description":"La qualit\u00e0 \u00e8 una scelta","potentialAction":[{"@type":"SearchAction","target":{"@type":"EntryPoint","urlTemplate":"https:\/\/clearviewbienesraices.com\/?s={search_term_string}"},"query-input":"required name=search_term_string"}],"inLanguage":"en-US"}]}},"_links":{"self":[{"href":"https:\/\/clearviewbienesraices.com\/index.php\/wp-json\/wp\/v2\/pages\/1903"}],"collection":[{"href":"https:\/\/clearviewbienesraices.com\/index.php\/wp-json\/wp\/v2\/pages"}],"about":[{"href":"https:\/\/clearviewbienesraices.com\/index.php\/wp-json\/wp\/v2\/types\/page"}],"author":[{"embeddable":true,"href":"https:\/\/clearviewbienesraices.com\/index.php\/wp-json\/wp\/v2\/users\/1"}],"replies":[{"embeddable":true,"href":"https:\/\/clearviewbienesraices.com\/index.php\/wp-json\/wp\/v2\/comments?post=1903"}],"version-history":[{"count":12,"href":"https:\/\/clearviewbienesraices.com\/index.php\/wp-json\/wp\/v2\/pages\/1903\/revisions"}],"predecessor-version":[{"id":1943,"href":"https:\/\/clearviewbienesraices.com\/index.php\/wp-json\/wp\/v2\/pages\/1903\/revisions\/1943"}],"wp:attachment":[{"href":"https:\/\/clearviewbienesraices.com\/index.php\/wp-json\/wp\/v2\/media?parent=1903"}],"curies":[{"name":"wp","href":"https:\/\/api.w.org\/{rel}","templated":true}]}}